{"id":13,"date":"2024-08-26T00:06:57","date_gmt":"2024-08-25T22:06:57","guid":{"rendered":"http:\/\/xn--akidoclubroannais-ewb.fr\/?page_id=13"},"modified":"2024-08-30T10:30:34","modified_gmt":"2024-08-30T08:30:34","slug":"laikido","status":"publish","type":"page","link":"https:\/\/xn--akidoclubroannais-ewb.fr\/index.php\/laikido\/","title":{"rendered":""},"content":{"rendered":"\n<div class=\"wp-block-cover alignfull is-light\" style=\"min-height:495px;aspect-ratio:unset;\"><span aria-hidden=\"true\" class=\"wp-block-cover__background has-background-dim-20 has-background-dim\" style=\"background-color:#747675\"><\/span><img loading=\"lazy\" decoding=\"async\" width=\"1600\" height=\"1062\" class=\"wp-block-cover__image-background wp-image-90\" alt=\"\" src=\"https:\/\/xn--akidoclubroannais-ewb.fr\/wp-content\/uploads\/2024\/08\/IMG-20240826-WA0001-1.jpg\" data-object-fit=\"cover\" srcset=\"https:\/\/xn--akidoclubroannais-ewb.fr\/wp-content\/uploads\/2024\/08\/IMG-20240826-WA0001-1.jpg 1600w, https:\/\/xn--akidoclubroannais-ewb.fr\/wp-content\/uploads\/2024\/08\/IMG-20240826-WA0001-1-300x199.jpg 300w, https:\/\/xn--akidoclubroannais-ewb.fr\/wp-content\/uploads\/2024\/08\/IMG-20240826-WA0001-1-1024x680.jpg 1024w, https:\/\/xn--akidoclubroannais-ewb.fr\/wp-content\/uploads\/2024\/08\/IMG-20240826-WA0001-1-768x510.jpg 768w, https:\/\/xn--akidoclubroannais-ewb.fr\/wp-content\/uploads\/2024\/08\/IMG-20240826-WA0001-1-1536x1020.jpg 1536w\" sizes=\"auto, (max-width: 1600px) 100vw, 1600px\" \/><div class=\"wp-block-cover__inner-container has-global-padding is-layout-constrained wp-container-core-cover-is-layout-4383d167 wp-block-cover-is-layout-constrained\">\n<p class=\"has-text-align-center has-large-font-size\"><\/p>\n<\/div><\/div>\n\n\n\n<div class=\"wp-block-group alignwide has-global-padding is-layout-constrained wp-container-core-group-is-layout-3dead192 wp-block-group-is-layout-constrained\" style=\"margin-top:0;margin-bottom:0;padding-top:80px;padding-bottom:80px\">\n<div class=\"wp-block-columns is-layout-flex wp-container-core-columns-is-layout-9cf8123d wp-block-columns-is-layout-flex\">\n<div class=\"wp-block-column is-vertically-aligned-center is-layout-flow wp-block-column-is-layout-flow\">\n<figure class=\"wp-block-image size-large\"><img loading=\"lazy\" decoding=\"async\" width=\"1024\" height=\"683\" src=\"http:\/\/xn--akidoclubroannais-ewb.fr\/wp-content\/uploads\/2024\/08\/aikido-4018645_1920-4-1024x683.jpg\" alt=\"\" class=\"wp-image-40\" srcset=\"https:\/\/xn--akidoclubroannais-ewb.fr\/wp-content\/uploads\/2024\/08\/aikido-4018645_1920-4-1024x683.jpg 1024w, https:\/\/xn--akidoclubroannais-ewb.fr\/wp-content\/uploads\/2024\/08\/aikido-4018645_1920-4-300x200.jpg 300w, https:\/\/xn--akidoclubroannais-ewb.fr\/wp-content\/uploads\/2024\/08\/aikido-4018645_1920-4-768x512.jpg 768w, https:\/\/xn--akidoclubroannais-ewb.fr\/wp-content\/uploads\/2024\/08\/aikido-4018645_1920-4-1536x1024.jpg 1536w, https:\/\/xn--akidoclubroannais-ewb.fr\/wp-content\/uploads\/2024\/08\/aikido-4018645_1920-4.jpg 1920w\" sizes=\"auto, (max-width: 1024px) 100vw, 1024px\" \/><\/figure>\n<\/div>\n\n\n\n<div class=\"wp-block-column is-vertically-aligned-center is-layout-flow wp-block-column-is-layout-flow\">\n<h3 class=\"wp-block-heading\">L&rsquo;A\u00efkido, une discipline sans comp\u00e9tition<\/h3>\n\n\n\n<p>L\u2019A\u00efkido est, parmi les diff\u00e9rents arts martiaux japonais, la discipline la<br>plus r\u00e9cente. Fond\u00e9e par Morihei Ueshiba dans les ann\u00e9es 1920, cette discipline est devenue officielle au Japon en 1940. Apr\u00e8s la 2\u00e8me guerre mondiale, c\u2019est le premier art martial \u00e0 \u00eatre autoris\u00e9 \u00e0 reprendre ses entrainements du fait de sa philosophie de non-agressivit\u00e9.<br>Cet art martial est bas\u00e9 sur la d\u00e9fense, un des partenaires attaquant et<br>l\u2019autre le maitrisant par une chute, une immobilisation. Ceci peut se r\u00e9aliser \u00e0 mains nues, debout ou au sol, avec des armes en bois \u00ab&nbsp;Tanto (poignard) \u2013 Ken (sabre) \u2013 jo (b\u00e2ton)&nbsp;\u00bb. L\u2019A\u00efkido est la \u00ab&nbsp;Voie (Do) de la Concordance (A\u00ef) des Energies (Ki)&nbsp;\u00bb.<br>En raison de l\u2019absence de comp\u00e9tition, cette discipline est moins connue, mais une fois d\u00e9couverte, elle attire des personnes de tout \u00e2ge, qui recherchent une activit\u00e9 physique o\u00f9 le seul combat que l\u2019on m\u00e8ne est celui avec soi-m\u00eame pour arriver \u00e0 faire mieux, avec l\u2019aide d\u2019un partenaire et non d\u2019un adversaire.<\/p>\n<\/div>\n<\/div>\n<\/div>\n\n\n\n<div class=\"wp-block-cover alignfull\" style=\"margin-top:0px;margin-bottom:0px;min-height:490px;aspect-ratio:unset;\"><span aria-hidden=\"true\" class=\"wp-block-cover__background has-background-dim-0 has-background-dim\" style=\"background-color:#817f81\"><\/span><img loading=\"lazy\" decoding=\"async\" width=\"1600\" height=\"1062\" class=\"wp-block-cover__image-background wp-image-92\" alt=\"\" src=\"https:\/\/xn--akidoclubroannais-ewb.fr\/wp-content\/uploads\/2024\/08\/IMG-20240826-WA0006.jpg\" data-object-fit=\"cover\" srcset=\"https:\/\/xn--akidoclubroannais-ewb.fr\/wp-content\/uploads\/2024\/08\/IMG-20240826-WA0006.jpg 1600w, https:\/\/xn--akidoclubroannais-ewb.fr\/wp-content\/uploads\/2024\/08\/IMG-20240826-WA0006-300x199.jpg 300w, https:\/\/xn--akidoclubroannais-ewb.fr\/wp-content\/uploads\/2024\/08\/IMG-20240826-WA0006-1024x680.jpg 1024w, https:\/\/xn--akidoclubroannais-ewb.fr\/wp-content\/uploads\/2024\/08\/IMG-20240826-WA0006-768x510.jpg 768w, https:\/\/xn--akidoclubroannais-ewb.fr\/wp-content\/uploads\/2024\/08\/IMG-20240826-WA0006-1536x1020.jpg 1536w\" sizes=\"auto, (max-width: 1600px) 100vw, 1600px\" \/><div class=\"wp-block-cover__inner-container is-layout-flow wp-block-cover-is-layout-flow\">\n<p class=\"has-text-align-center has-large-font-size\"><\/p>\n<\/div><\/div>\n\n\n\n<div class=\"wp-block-group alignwide has-global-padding is-layout-constrained wp-container-core-group-is-layout-3dead192 wp-block-group-is-layout-constrained\" style=\"margin-top:0;margin-bottom:0;padding-top:80px;padding-bottom:80px\">\n<div class=\"wp-block-columns is-layout-flex wp-container-core-columns-is-layout-9cf8123d wp-block-columns-is-layout-flex\">\n<div class=\"wp-block-column is-vertically-aligned-center is-layout-flow wp-block-column-is-layout-flow\">\n<h3 class=\"wp-block-heading\"><a href=\"http:\/\/aikidochamalieres.blogspot.com\/2010\/07\/morihei-ueshiba-createur-de-laikido.html\">Morihei UESHIBA, Cr\u00e9ateur de l\u2019A\u00cfKIDO<\/a><\/h3>\n\n\n\n<p class=\"has-text-color has-link-color wp-elements-97b541845dda5016422997de2706bd21\" style=\"color:#000000;font-size:clamp(14px, 0.875rem + ((1vw - 3.2px) * 0.455), 18px);\">Ma\u00eetre UESHIBA a d\u00e9fini en 1929 les principes de l\u2019A\u00cfKIDO en int\u00e9grant aux techniques des arts martiaux traditionnels les valeurs morales de l\u2019\u00eatre humain. En effet, la pratique de cette discipline non comp\u00e9titive n\u2019a pas pour objectif final la destruction de l\u2019adversaire, ni m\u00eame la dissuasion par la crainte, mais au contraire, un \u00e9change d\u2019\u00e9nergie propre \u00e0 d\u00e9samorcer l\u2019agression et \u00e0 \u00e9vacuer la situation de conflit.<\/p>\n\n\n\n<blockquote class=\"wp-block-quote is-layout-flow wp-block-quote-is-layout-flow\">\n<p><strong>\u00a0\u00bb <em>Gagner ou Perdre, ou se Mesurer en Technique, n\u2019est PAS le VRAI BUDO<\/em><\/strong> <strong>\u00ab\u00a0<\/strong><\/p>\n<\/blockquote>\n<\/div>\n\n\n\n<div class=\"wp-block-column is-layout-flow wp-container-core-column-is-layout-b108c007 wp-block-column-is-layout-flow\" style=\"padding-right:0;padding-left:0\">\n<div class=\"wp-block-columns is-layout-flex wp-container-core-columns-is-layout-a8e9e81b wp-block-columns-is-layout-flex\">\n<div class=\"wp-block-column is-layout-flow wp-block-column-is-layout-flow\" style=\"padding-top:0px;padding-bottom:50px\">\n<figure class=\"wp-block-image size-full is-resized\"><img loading=\"lazy\" decoding=\"async\" width=\"850\" height=\"850\" src=\"http:\/\/xn--akidoclubroannais-ewb.fr\/wp-content\/uploads\/2024\/08\/morihei-Ueshiba-3-800226080-2.jpg\" alt=\"\" class=\"wp-image-34\" style=\"width:507px;height:auto\" srcset=\"https:\/\/xn--akidoclubroannais-ewb.fr\/wp-content\/uploads\/2024\/08\/morihei-Ueshiba-3-800226080-2.jpg 850w, https:\/\/xn--akidoclubroannais-ewb.fr\/wp-content\/uploads\/2024\/08\/morihei-Ueshiba-3-800226080-2-300x300.jpg 300w, https:\/\/xn--akidoclubroannais-ewb.fr\/wp-content\/uploads\/2024\/08\/morihei-Ueshiba-3-800226080-2-150x150.jpg 150w, https:\/\/xn--akidoclubroannais-ewb.fr\/wp-content\/uploads\/2024\/08\/morihei-Ueshiba-3-800226080-2-768x768.jpg 768w\" sizes=\"auto, (max-width: 850px) 100vw, 850px\" \/><\/figure>\n<\/div>\n<\/div>\n<\/div>\n<\/div>\n<\/div>\n\n\n\n<div class=\"wp-block-cover alignfull is-light\" style=\"margin-top:0px;margin-bottom:0px;min-height:617px;aspect-ratio:unset;\"><span aria-hidden=\"true\" class=\"wp-block-cover__background has-background-dim-0 has-background-dim\" style=\"background-color:#848484\"><\/span><img loading=\"lazy\" decoding=\"async\" width=\"1584\" height=\"661\" class=\"wp-block-cover__image-background wp-image-169\" alt=\"\" src=\"http:\/\/xn--akidoclubroannais-ewb.fr\/wp-content\/uploads\/2024\/08\/IMG-20240826-WA0003-1-e1725006427810.jpg\" data-object-fit=\"cover\" srcset=\"https:\/\/xn--akidoclubroannais-ewb.fr\/wp-content\/uploads\/2024\/08\/IMG-20240826-WA0003-1-e1725006427810.jpg 1584w, https:\/\/xn--akidoclubroannais-ewb.fr\/wp-content\/uploads\/2024\/08\/IMG-20240826-WA0003-1-e1725006427810-300x125.jpg 300w, https:\/\/xn--akidoclubroannais-ewb.fr\/wp-content\/uploads\/2024\/08\/IMG-20240826-WA0003-1-e1725006427810-1024x427.jpg 1024w, https:\/\/xn--akidoclubroannais-ewb.fr\/wp-content\/uploads\/2024\/08\/IMG-20240826-WA0003-1-e1725006427810-768x320.jpg 768w, https:\/\/xn--akidoclubroannais-ewb.fr\/wp-content\/uploads\/2024\/08\/IMG-20240826-WA0003-1-e1725006427810-1536x641.jpg 1536w\" sizes=\"auto, (max-width: 1584px) 100vw, 1584px\" \/><div class=\"wp-block-cover__inner-container is-layout-flow wp-block-cover-is-layout-flow\">\n<div class=\"wp-block-group is-nowrap is-layout-flex wp-container-core-group-is-layout-6c531013 wp-block-group-is-layout-flex\">\n<p><\/p>\n<\/div>\n<\/div><\/div>\n\n\n\n<div class=\"wp-block-group alignfull has-global-padding is-layout-constrained wp-container-core-group-is-layout-9841ed3d wp-block-group-is-layout-constrained\" style=\"margin-top:0px;margin-bottom:0px;padding-top:0px;padding-right:0px;padding-bottom:0px;padding-left:0px\">\n<div class=\"wp-block-group alignfull is-nowrap is-layout-flex wp-container-core-group-is-layout-f8c044bd wp-block-group-is-layout-flex\" style=\"margin-top:0px;margin-bottom:0px;padding-top:0px;padding-right:0px;padding-bottom:0px;padding-left:0px\">\n<div class=\"wp-block-group has-global-padding is-layout-constrained wp-block-group-is-layout-constrained\"><\/div>\n\n\n\n<div class=\"wp-block-group has-global-padding is-layout-constrained wp-block-group-is-layout-constrained\"><\/div>\n\n\n\n<div class=\"wp-block-group has-global-padding is-layout-constrained wp-block-group-is-layout-constrained\"><\/div>\n<\/div>\n<\/div>\n\n\n\n<h4 class=\"wp-block-heading\">L&rsquo;A\u00efkido : Pour qui ? Pourquoi ? Comment ?<\/h4>\n\n\n\n<p><\/p>\n\n\n\n<p>Il est praticable par tous, sans distinction d\u2019\u00e2ge ni de sexe, la seule limite \u00e9tant la conscience de ses capacit\u00e9s physiques. Les enfants sont accueillis \u00e0 partir de 12 ans. L\u2019A\u00efkido est pratiqu\u00e9 quotidiennement par bon nombres de femmes, enfants et personnes \u00e2g\u00e9es. La France est le pays au monde o\u00f9 l\u2019A\u00efkido est le plus implant\u00e9.<\/p>\n\n\n\n<p><\/p>\n\n\n\n<p>Sur le plan physiologique, l\u2019A\u00efkido d\u00e9veloppe \u00e0 la fois la cha\u00eene musculaire et articulaire, l\u2019endurance, les r\u00e9flexes, la souplesse ainsi que l\u2019\u00e9quilibre.<br>Il pose en outre les bases d\u2019un d\u00e9veloppement comportemental ancr\u00e9 dans le respect et la tol\u00e9rance.<br>L\u2019A\u00efkido permet enfin d\u2019acqu\u00e9rir une plus grande connaissance de soi et une meilleure compr\u00e9hension des autres.<\/p>\n\n\n\n<p><\/p>\n\n\n\n<p>Une s\u00e9ance est compos\u00e9e : d&rsquo;un \u00e9chauffement musculaire et articulaire, suivie d&rsquo;exercices de respiration et de concentration. Puis une \u00e9tude de techniques \u00e0 mains nues avec un ou plusieurs partenaires non arm\u00e9s, une \u00e9tude de techniques \u00e0 mains nues avec un ou plusieurs partenaires arm\u00e9s (couteau, b\u00e2ton ou sabre). Nous pouvons \u00e9galement effectuer un travail aux armes (couteau, b\u00e2ton et sabre).<\/p>\n\n\n\n<figure class=\"wp-block-image size-full\"><img loading=\"lazy\" decoding=\"async\" width=\"612\" height=\"406\" src=\"https:\/\/xn--akidoclubroannais-ewb.fr\/wp-content\/uploads\/2024\/08\/istockphoto-1162143077-612x612-4.jpg\" alt=\"\" class=\"wp-image-93\" srcset=\"https:\/\/xn--akidoclubroannais-ewb.fr\/wp-content\/uploads\/2024\/08\/istockphoto-1162143077-612x612-4.jpg 612w, https:\/\/xn--akidoclubroannais-ewb.fr\/wp-content\/uploads\/2024\/08\/istockphoto-1162143077-612x612-4-300x199.jpg 300w\" sizes=\"auto, (max-width: 612px) 100vw, 612px\" \/><\/figure>\n\n\n\n<p><\/p>\n","protected":false},"excerpt":{"rendered":"<p>L&rsquo;A\u00efkido, une discipline sans comp\u00e9tition L\u2019A\u00efkido est, parmi les diff\u00e9rents arts martiaux japonais, la discipline laplus r\u00e9cente. Fond\u00e9e par Morihei Ueshiba dans les ann\u00e9es 1920, cette discipline est devenue officielle au Japon en 1940. Apr\u00e8s la 2\u00e8me guerre mondiale, c\u2019est le premier art martial \u00e0 \u00eatre autoris\u00e9 \u00e0 reprendre ses entrainements du fait de sa [&hellip;]<\/p>\n","protected":false},"author":1,"featured_media":0,"parent":0,"menu_order":0,"comment_status":"closed","ping_status":"closed","template":"","meta":{"footnotes":""},"class_list":["post-13","page","type-page","status-publish","hentry"],"_links":{"self":[{"href":"https:\/\/xn--akidoclubroannais-ewb.fr\/index.php\/wp-json\/wp\/v2\/pages\/13","targetHints":{"allow":["GET"]}}],"collection":[{"href":"https:\/\/xn--akidoclubroannais-ewb.fr\/index.php\/wp-json\/wp\/v2\/pages"}],"about":[{"href":"https:\/\/xn--akidoclubroannais-ewb.fr\/index.php\/wp-json\/wp\/v2\/types\/page"}],"author":[{"embeddable":true,"href":"https:\/\/xn--akidoclubroannais-ewb.fr\/index.php\/wp-json\/wp\/v2\/users\/1"}],"replies":[{"embeddable":true,"href":"https:\/\/xn--akidoclubroannais-ewb.fr\/index.php\/wp-json\/wp\/v2\/comments?post=13"}],"version-history":[{"count":16,"href":"https:\/\/xn--akidoclubroannais-ewb.fr\/index.php\/wp-json\/wp\/v2\/pages\/13\/revisions"}],"predecessor-version":[{"id":176,"href":"https:\/\/xn--akidoclubroannais-ewb.fr\/index.php\/wp-json\/wp\/v2\/pages\/13\/revisions\/176"}],"wp:attachment":[{"href":"https:\/\/xn--akidoclubroannais-ewb.fr\/index.php\/wp-json\/wp\/v2\/media?parent=13"}],"curies":[{"name":"wp","href":"https:\/\/api.w.org\/{rel}","templated":true}]}}